{"id":969,"date":"2023-05-01T07:26:50","date_gmt":"2023-05-01T05:26:50","guid":{"rendered":"http:\/\/185.147.46.58\/?page_id=969"},"modified":"2025-02-14T19:52:08","modified_gmt":"2025-02-14T18:52:08","slug":"online-webinare","status":"publish","type":"page","link":"https:\/\/zenyvchirurgii.cz\/en\/online-webinare\/","title":{"rendered":"Online webinars"},"content":{"rendered":"<h2 class=\"wp-block-heading\">Nadch\u00e1zej\u00edc\u00ed webin\u00e1\u0159e<\/h2>\n\n\n\n<div class=\"wp-block-group is-layout-constrained wp-container-core-group-is-layout-12243e0f wp-block-group-is-layout-constrained\">\n<div class=\"wp-block-query is-layout-flow wp-block-query-is-layout-flow\"><ul class=\"wp-block-post-template is-layout-flow wp-block-post-template-is-layout-flow\"><li class=\"wp-block-post post-1682 post type-post status-publish format-standard hentry category-events-upcoming category-news category-webinars-upcoming\">\n\n<div class=\"wp-block-columns is-layout-flex wp-container-core-columns-is-layout-14cf5ab5 wp-block-columns-is-layout-flex\">\n<div class=\"wp-block-column is-layout-flow wp-block-column-is-layout-flow\" style=\"flex-basis:50%\"><\/div>\n\n\n\n<div class=\"wp-block-column is-layout-flow wp-block-column-is-layout-flow\" style=\"flex-basis:50%\">\n<div class=\"wp-block-group is-layout-flow wp-block-group-is-layout-flow\" style=\"margin-bottom:4vw\"><h2 style=\"margin-top:0.75rem;\" class=\"wp-block-post-title has-x-large-font-size\"><a href=\"https:\/\/zenyvchirurgii.cz\/en\/2025\/09\/23\/webinare-pro-akademicky-rok-2025-2026\/\" target=\"_self\" >Webin\u00e1\u0159e pro akademick\u00fd rok 2025\/2026<\/a><\/h2>\n\n<div style=\"margin-bottom:0px;\" class=\"wp-block-post-excerpt\"><p class=\"wp-block-post-excerpt__excerpt\">dovolujeme si V\u00e1s pozvat k \u00fa\u010dasti na nov\u00e9 s\u00e9rii&nbsp;WINS webin\u00e1\u0159\u016f&hellip;<\/p><p class=\"wp-block-post-excerpt__more-text\"><a class=\"wp-block-post-excerpt__more-link\" href=\"https:\/\/zenyvchirurgii.cz\/en\/2025\/09\/23\/webinare-pro-akademicky-rok-2025-2026\/\">Pokra\u010dovat ve \u010dten\u00ed \u00bb<\/a><\/p><\/div><\/div>\n<\/div>\n<\/div>\n\n<\/li><\/ul><\/div>\n<\/div>","protected":false},"excerpt":{"rendered":"<p>Nadch\u00e1zej\u00edc\u00ed webin\u00e1\u0159e<\/p>","protected":false},"author":1,"featured_media":0,"parent":0,"menu_order":0,"comment_status":"closed","ping_status":"closed","template":"","meta":{"footnotes":""},"class_list":["post-969","page","type-page","status-publish","hentry"],"publishpress_future_action":{"enabled":false,"date":"2026-04-25 08:40:13","action":"change-status","newStatus":"draft","terms":[],"taxonomy":"","extraData":[]},"publishpress_future_workflow_manual_trigger":{"enabledWorkflows":[]},"_links":{"self":[{"href":"https:\/\/zenyvchirurgii.cz\/en\/wp-json\/wp\/v2\/pages\/969","targetHints":{"allow":["GET"]}}],"collection":[{"href":"https:\/\/zenyvchirurgii.cz\/en\/wp-json\/wp\/v2\/pages"}],"about":[{"href":"https:\/\/zenyvchirurgii.cz\/en\/wp-json\/wp\/v2\/types\/page"}],"author":[{"embeddable":true,"href":"https:\/\/zenyvchirurgii.cz\/en\/wp-json\/wp\/v2\/users\/1"}],"replies":[{"embeddable":true,"href":"https:\/\/zenyvchirurgii.cz\/en\/wp-json\/wp\/v2\/comments?post=969"}],"version-history":[{"count":19,"href":"https:\/\/zenyvchirurgii.cz\/en\/wp-json\/wp\/v2\/pages\/969\/revisions"}],"predecessor-version":[{"id":1526,"href":"https:\/\/zenyvchirurgii.cz\/en\/wp-json\/wp\/v2\/pages\/969\/revisions\/1526"}],"wp:attachment":[{"href":"https:\/\/zenyvchirurgii.cz\/en\/wp-json\/wp\/v2\/media?parent=969"}],"curies":[{"name":"wp","href":"https:\/\/api.w.org\/{rel}","templated":true}]}}