{"id":967,"date":"2023-05-01T07:45:00","date_gmt":"2023-05-01T05:45:00","guid":{"rendered":"http:\/\/185.147.46.58\/?page_id=967"},"modified":"2025-02-14T19:48:42","modified_gmt":"2025-02-14T18:48:42","slug":"akce","status":"publish","type":"page","link":"https:\/\/zenyvchirurgii.cz\/en\/akce\/","title":{"rendered":"Events"},"content":{"rendered":"<h2 class=\"wp-block-heading\">Nadch\u00e1zej\u00edc\u00ed akce<\/h2>\n\n\n\n<div class=\"wp-block-query is-layout-flow wp-block-query-is-layout-flow\"><ul class=\"wp-block-post-template is-layout-flow wp-block-post-template-is-layout-flow\"><li class=\"wp-block-post post-1682 post type-post status-publish format-standard hentry category-events-upcoming category-news category-webinars-upcoming\">\n\n<div class=\"wp-block-columns is-layout-flex wp-container-core-columns-is-layout-14cf5ab5 wp-block-columns-is-layout-flex\">\n<div class=\"wp-block-column is-layout-flow wp-block-column-is-layout-flow\" style=\"flex-basis:50%\"><\/div>\n\n\n\n<div class=\"wp-block-column is-layout-flow wp-block-column-is-layout-flow\" style=\"flex-basis:50%\">\n<div class=\"wp-block-group is-layout-flow wp-block-group-is-layout-flow\" style=\"margin-bottom:4vw\"><h2 style=\"margin-top:0.75rem;\" class=\"wp-block-post-title has-x-large-font-size\"><a href=\"https:\/\/zenyvchirurgii.cz\/en\/2025\/09\/23\/webinare-pro-akademicky-rok-2025-2026\/\" target=\"_self\" >Webin\u00e1\u0159e pro akademick\u00fd rok 2025\/2026<\/a><\/h2>\n\n<div style=\"margin-bottom:0px;\" class=\"wp-block-post-excerpt\"><p class=\"wp-block-post-excerpt__excerpt\">dovolujeme si V\u00e1s pozvat k \u00fa\u010dasti na nov\u00e9 s\u00e9rii&nbsp;WINS webin\u00e1\u0159\u016f&hellip;<\/p><p class=\"wp-block-post-excerpt__more-text\"><a class=\"wp-block-post-excerpt__more-link\" href=\"https:\/\/zenyvchirurgii.cz\/en\/2025\/09\/23\/webinare-pro-akademicky-rok-2025-2026\/\">Pokra\u010dovat ve \u010dten\u00ed \u00bb<\/a><\/p><\/div><\/div>\n<\/div>\n<\/div>\n\n<\/li><\/ul><\/div>\n\n\n\n<hr class=\"wp-block-separator has-alpha-channel-opacity is-style-wide\" style=\"margin-top:var(--wp--preset--spacing--70);margin-bottom:var(--wp--preset--spacing--70)\"\/>\n\n\n\n<h2 class=\"wp-block-heading\">P\u0159edchoz\u00ed akce<\/h2>\n\n\n\n<div class=\"wp-block-query is-layout-flow wp-block-query-is-layout-flow\"><ul class=\"wp-block-post-template is-layout-flow wp-block-post-template-is-layout-flow\"><li class=\"wp-block-post post-1563 post type-post status-publish format-standard has-post-thumbnail hentry category-events-older\">\n\n<div class=\"wp-block-columns is-layout-flex wp-container-core-columns-is-layout-14cf5ab5 wp-block-columns-is-layout-flex\">\n<div class=\"wp-block-column is-layout-flow wp-block-column-is-layout-flow\" style=\"flex-basis:50%\"><figure style=\"margin-top:0px;\" class=\"wp-block-post-featured-image\"><a href=\"https:\/\/zenyvchirurgii.cz\/en\/2025\/03\/08\/2-rocnik-narodniho-chirurgickeho-kongresu\/\" target=\"_self\"  ><img loading=\"lazy\" decoding=\"async\" width=\"1530\" height=\"398\" src=\"https:\/\/zenyvchirurgii.cz\/wp-content\/uploads\/2025\/03\/narodni_kongres_2025-1530x398.jpg\" class=\"attachment-post-thumbnail size-post-thumbnail wp-post-image\" alt=\"2. ro\u010dn\u00edk N\u00e1rodn\u00edho chirurgick\u00e9ho kongresu\" style=\"object-fit:cover;\" srcset=\"https:\/\/zenyvchirurgii.cz\/wp-content\/uploads\/2025\/03\/narodni_kongres_2025-1530x398.jpg 1530w, https:\/\/zenyvchirurgii.cz\/wp-content\/uploads\/2025\/03\/narodni_kongres_2025-300x78.jpg 300w, https:\/\/zenyvchirurgii.cz\/wp-content\/uploads\/2025\/03\/narodni_kongres_2025-1024x267.jpg 1024w, https:\/\/zenyvchirurgii.cz\/wp-content\/uploads\/2025\/03\/narodni_kongres_2025-768x200.jpg 768w, https:\/\/zenyvchirurgii.cz\/wp-content\/uploads\/2025\/03\/narodni_kongres_2025-1536x400.jpg 1536w, https:\/\/zenyvchirurgii.cz\/wp-content\/uploads\/2025\/03\/narodni_kongres_2025-18x5.jpg 18w, https:\/\/zenyvchirurgii.cz\/wp-content\/uploads\/2025\/03\/narodni_kongres_2025.jpg 2048w\" sizes=\"auto, (max-width: 1530px) 100vw, 1530px\" \/><\/a><\/figure><\/div>\n\n\n\n<div class=\"wp-block-column is-layout-flow wp-block-column-is-layout-flow\" style=\"flex-basis:50%\">\n<div class=\"wp-block-group is-layout-flow wp-block-group-is-layout-flow\" style=\"margin-bottom:4vw\"><h2 style=\"margin-top:0.75rem;\" class=\"wp-block-post-title has-x-large-font-size\"><a href=\"https:\/\/zenyvchirurgii.cz\/en\/2025\/03\/08\/2-rocnik-narodniho-chirurgickeho-kongresu\/\" target=\"_self\" >2. ro\u010dn\u00edk N\u00e1rodn\u00edho chirurgick\u00e9ho kongresu<\/a><\/h2>\n\n<div style=\"margin-bottom:0px;\" class=\"wp-block-post-excerpt\"><p class=\"wp-block-post-excerpt__excerpt\">14. &#8211; 16. kv\u011btna 2025 v Olomouci<\/p><p class=\"wp-block-post-excerpt__more-text\"><a class=\"wp-block-post-excerpt__more-link\" href=\"https:\/\/zenyvchirurgii.cz\/en\/2025\/03\/08\/2-rocnik-narodniho-chirurgickeho-kongresu\/\">Pokra\u010dovat ve \u010dten\u00ed \u00bb<\/a><\/p><\/div><\/div>\n<\/div>\n<\/div>\n\n<\/li><li class=\"wp-block-post post-1352 post type-post status-publish format-standard has-post-thumbnail hentry category-news category-events-older\">\n\n<div class=\"wp-block-columns is-layout-flex wp-container-core-columns-is-layout-14cf5ab5 wp-block-columns-is-layout-flex\">\n<div class=\"wp-block-column is-layout-flow wp-block-column-is-layout-flow\" style=\"flex-basis:50%\"><figure style=\"margin-top:0px;\" class=\"wp-block-post-featured-image\"><a href=\"https:\/\/zenyvchirurgii.cz\/en\/2024\/01\/27\/media\/\" target=\"_self\"  ><img loading=\"lazy\" decoding=\"async\" width=\"1020\" height=\"765\" src=\"https:\/\/zenyvchirurgii.cz\/wp-content\/uploads\/2024\/01\/Medialogy-1020x765.jpg\" class=\"attachment-post-thumbnail size-post-thumbnail wp-post-image\" alt=\"M\u00e9dia\" style=\"object-fit:cover;\" srcset=\"https:\/\/zenyvchirurgii.cz\/wp-content\/uploads\/2024\/01\/Medialogy-1020x765.jpg 1020w, https:\/\/zenyvchirurgii.cz\/wp-content\/uploads\/2024\/01\/Medialogy-300x225.jpg 300w, https:\/\/zenyvchirurgii.cz\/wp-content\/uploads\/2024\/01\/Medialogy-1024x768.jpg 1024w, https:\/\/zenyvchirurgii.cz\/wp-content\/uploads\/2024\/01\/Medialogy-768x576.jpg 768w, https:\/\/zenyvchirurgii.cz\/wp-content\/uploads\/2024\/01\/Medialogy-1536x1152.jpg 1536w, https:\/\/zenyvchirurgii.cz\/wp-content\/uploads\/2024\/01\/Medialogy-2048x1536.jpg 2048w, https:\/\/zenyvchirurgii.cz\/wp-content\/uploads\/2024\/01\/Medialogy-16x12.jpg 16w\" sizes=\"auto, (max-width: 1020px) 100vw, 1020px\" \/><\/a><\/figure><\/div>\n\n\n\n<div class=\"wp-block-column is-layout-flow wp-block-column-is-layout-flow\" style=\"flex-basis:50%\">\n<div class=\"wp-block-group is-layout-flow wp-block-group-is-layout-flow\" style=\"margin-bottom:4vw\"><h2 style=\"margin-top:0.75rem;\" class=\"wp-block-post-title has-x-large-font-size\"><a href=\"https:\/\/zenyvchirurgii.cz\/en\/2024\/01\/27\/media\/\" target=\"_self\" >M\u00e9dia<\/a><\/h2>\n\n<div style=\"margin-bottom:0px;\" class=\"wp-block-post-excerpt\"><p class=\"wp-block-post-excerpt__excerpt\">2023-11-30 Medialogy 1.LF UK &#8211; \u017deny v chirurgii<\/p><p class=\"wp-block-post-excerpt__more-text\"><a class=\"wp-block-post-excerpt__more-link\" href=\"https:\/\/zenyvchirurgii.cz\/en\/2024\/01\/27\/media\/\">Pokra\u010dovat ve \u010dten\u00ed \u00bb<\/a><\/p><\/div><\/div>\n<\/div>\n<\/div>\n\n<\/li><li class=\"wp-block-post post-977 post type-post status-publish format-standard hentry category-events-older\">\n\n<div class=\"wp-block-columns is-layout-flex wp-container-core-columns-is-layout-14cf5ab5 wp-block-columns-is-layout-flex\">\n<div class=\"wp-block-column is-layout-flow wp-block-column-is-layout-flow\" style=\"flex-basis:50%\"><\/div>\n\n\n\n<div class=\"wp-block-column is-layout-flow wp-block-column-is-layout-flow\" style=\"flex-basis:50%\">\n<div class=\"wp-block-group is-layout-flow wp-block-group-is-layout-flow\" style=\"margin-bottom:4vw\"><h2 style=\"margin-top:0.75rem;\" class=\"wp-block-post-title has-x-large-font-size\"><a href=\"https:\/\/zenyvchirurgii.cz\/en\/2023\/05\/01\/evropsky-kongres-hrudni-spolecnosti-ests-2023\/\" target=\"_self\" >\u00a0Evropsk\u00fd kongres hrudn\u00ed spole\u010dnosti ESTS 2023<\/a><\/h2>\n\n<div style=\"margin-bottom:0px;\" class=\"wp-block-post-excerpt\"><p class=\"wp-block-post-excerpt__excerpt\">https:\/\/emma.events\/ests2023\/<\/p><p class=\"wp-block-post-excerpt__more-text\"><a class=\"wp-block-post-excerpt__more-link\" href=\"https:\/\/zenyvchirurgii.cz\/en\/2023\/05\/01\/evropsky-kongres-hrudni-spolecnosti-ests-2023\/\">Pokra\u010dovat ve \u010dten\u00ed \u00bb<\/a><\/p><\/div><\/div>\n<\/div>\n<\/div>\n\n<\/li><li class=\"wp-block-post post-975 post type-post status-publish format-standard has-post-thumbnail hentry category-events-older\">\n\n<div class=\"wp-block-columns is-layout-flex wp-container-core-columns-is-layout-14cf5ab5 wp-block-columns-is-layout-flex\">\n<div class=\"wp-block-column is-layout-flow wp-block-column-is-layout-flow\" style=\"flex-basis:50%\"><figure style=\"margin-top:0px;\" class=\"wp-block-post-featured-image\"><a href=\"https:\/\/zenyvchirurgii.cz\/en\/2023\/05\/01\/narodni-chirurgicky-kongres\/\" target=\"_self\"  ><img loading=\"lazy\" decoding=\"async\" width=\"1280\" height=\"720\" src=\"https:\/\/zenyvchirurgii.cz\/wp-content\/uploads\/2023\/05\/zeny-v-chirurgii-wins-i-rocnik-narodni-chirurgicky-kongres-v-praze-10-12-5-2023.jpg\" class=\"attachment-post-thumbnail size-post-thumbnail wp-post-image\" alt=\"\u00a0N\u00e1rodn\u00ed chirurgick\u00fd kongres\" style=\"object-fit:cover;\" srcset=\"https:\/\/zenyvchirurgii.cz\/wp-content\/uploads\/2023\/05\/zeny-v-chirurgii-wins-i-rocnik-narodni-chirurgicky-kongres-v-praze-10-12-5-2023.jpg 1280w, https:\/\/zenyvchirurgii.cz\/wp-content\/uploads\/2023\/05\/zeny-v-chirurgii-wins-i-rocnik-narodni-chirurgicky-kongres-v-praze-10-12-5-2023-300x169.jpg 300w, https:\/\/zenyvchirurgii.cz\/wp-content\/uploads\/2023\/05\/zeny-v-chirurgii-wins-i-rocnik-narodni-chirurgicky-kongres-v-praze-10-12-5-2023-1024x576.jpg 1024w, https:\/\/zenyvchirurgii.cz\/wp-content\/uploads\/2023\/05\/zeny-v-chirurgii-wins-i-rocnik-narodni-chirurgicky-kongres-v-praze-10-12-5-2023-768x432.jpg 768w, https:\/\/zenyvchirurgii.cz\/wp-content\/uploads\/2023\/05\/zeny-v-chirurgii-wins-i-rocnik-narodni-chirurgicky-kongres-v-praze-10-12-5-2023-18x10.jpg 18w\" sizes=\"auto, (max-width: 1280px) 100vw, 1280px\" \/><\/a><\/figure><\/div>\n\n\n\n<div class=\"wp-block-column is-layout-flow wp-block-column-is-layout-flow\" style=\"flex-basis:50%\">\n<div class=\"wp-block-group is-layout-flow wp-block-group-is-layout-flow\" style=\"margin-bottom:4vw\"><h2 style=\"margin-top:0.75rem;\" class=\"wp-block-post-title has-x-large-font-size\"><a href=\"https:\/\/zenyvchirurgii.cz\/en\/2023\/05\/01\/narodni-chirurgicky-kongres\/\" target=\"_self\" >\u00a0N\u00e1rodn\u00ed chirurgick\u00fd kongres<\/a><\/h2>\n\n<div style=\"margin-bottom:0px;\" class=\"wp-block-post-excerpt\"><p class=\"wp-block-post-excerpt__excerpt\">Ve dnech 10.-12.5.2023 prob\u011bhl v Praze N\u00e1rodn\u00ed chirurgick\u00fd kongres za&hellip;<\/p><p class=\"wp-block-post-excerpt__more-text\"><a class=\"wp-block-post-excerpt__more-link\" href=\"https:\/\/zenyvchirurgii.cz\/en\/2023\/05\/01\/narodni-chirurgicky-kongres\/\">Pokra\u010dovat ve \u010dten\u00ed \u00bb<\/a><\/p><\/div><\/div>\n<\/div>\n<\/div>\n\n<\/li><\/ul>\n\n<\/div>","protected":false},"excerpt":{"rendered":"<p>Nadch\u00e1zej\u00edc\u00ed akce P\u0159edchoz\u00ed akce<\/p>","protected":false},"author":1,"featured_media":0,"parent":0,"menu_order":0,"comment_status":"closed","ping_status":"closed","template":"","meta":{"footnotes":""},"class_list":["post-967","page","type-page","status-publish","hentry"],"publishpress_future_action":{"enabled":false,"date":"2026-04-25 08:25:31","action":"change-status","newStatus":"draft","terms":[],"taxonomy":"","extraData":[]},"publishpress_future_workflow_manual_trigger":{"enabledWorkflows":[]},"_links":{"self":[{"href":"https:\/\/zenyvchirurgii.cz\/en\/wp-json\/wp\/v2\/pages\/967","targetHints":{"allow":["GET"]}}],"collection":[{"href":"https:\/\/zenyvchirurgii.cz\/en\/wp-json\/wp\/v2\/pages"}],"about":[{"href":"https:\/\/zenyvchirurgii.cz\/en\/wp-json\/wp\/v2\/types\/page"}],"author":[{"embeddable":true,"href":"https:\/\/zenyvchirurgii.cz\/en\/wp-json\/wp\/v2\/users\/1"}],"replies":[{"embeddable":true,"href":"https:\/\/zenyvchirurgii.cz\/en\/wp-json\/wp\/v2\/comments?post=967"}],"version-history":[{"count":5,"href":"https:\/\/zenyvchirurgii.cz\/en\/wp-json\/wp\/v2\/pages\/967\/revisions"}],"predecessor-version":[{"id":1525,"href":"https:\/\/zenyvchirurgii.cz\/en\/wp-json\/wp\/v2\/pages\/967\/revisions\/1525"}],"wp:attachment":[{"href":"https:\/\/zenyvchirurgii.cz\/en\/wp-json\/wp\/v2\/media?parent=967"}],"curies":[{"name":"wp","href":"https:\/\/api.w.org\/{rel}","templated":true}]}}