{"id":955,"date":"2023-05-01T06:49:45","date_gmt":"2023-05-01T04:49:45","guid":{"rendered":"http:\/\/185.147.46.58\/?page_id=955"},"modified":"2026-02-03T20:37:50","modified_gmt":"2026-02-03T19:37:50","slug":"index","status":"publish","type":"page","link":"https:\/\/zenyvchirurgii.cz\/en\/","title":{"rendered":"Index"},"content":{"rendered":"<p>\u017deny v chirurgii jsou nez\u00e1visl\u00e1, neziskov\u00e1 skupina chirurgy\u0148 a \u017een v chirurgii,&nbsp; jejich\u017e hlavn\u00edm c\u00edlem je podpora \u017een v medic\u00edn\u011b,&nbsp; zejm\u00e9na v chirurgii a ostatn\u00edch chirurgick\u00fdch obor\u016f, od studentek l\u00e9ka\u0159sk\u00fdch fakult a\u017e pro chirurgyn\u011b r\u016fzn\u00fdch \u00farovn\u00ed vzd\u011bl\u00e1n\u00ed. <\/p>\n\n\n\n<hr class=\"wp-block-separator has-alpha-channel-opacity\"\/>\n\n\n\n<h2 class=\"wp-block-heading\">Goals<\/h2>\n\n\n\n<p>Jednou z nejpal\u010div\u011bj\u0161\u00edch ot\u00e1zek dne\u0161n\u00ed doby je naj\u00edt&nbsp;work-personal-life balance, rovnov\u00e1hu mezi osobn\u00edm a pracovn\u00edm \u017eivotem. Chirurgie je specifick\u00fd&nbsp;obor, n\u00e1ro\u010dn\u00fd na \u010das, na fyzickou i ment\u00e1ln\u00ed str\u00e1nku bez ohledu na pohlav\u00ed. \u017dena \u010d\u00e1st sv\u00e9ho \u017eivota pln\u00ed&nbsp;je\u0161t\u011b roli matky a p\u0159echodn\u011b jsou jej\u00ed \u010dasov\u00e9 mo\u017enosti omezen\u00e9. N\u011bkdy podobn\u00e9 probl\u00e9my \u0159e\u0161\u00ed i&nbsp;kolegov\u00e9, nebo ti, co se vrac\u00ed do zam\u011bstn\u00e1n\u00ed po v\u00e1\u017en\u00e9 nemoci. Rigidita n\u011bkter\u00fdch syst\u00e9m\u016f a nedostatek&nbsp;pomoci zven\u010d\u00ed, a n\u011bkdy i jen nedostatek pochopen\u00ed konkr\u00e9tn\u00ed situace, to neuleh\u010duj\u00ed.&nbsp;<\/p>\n\n\n\n<p>Our goals are:<\/p>\n\n\n\n<ul class=\"wp-block-list has-black-color has-text-color\">\n<li>aktivn\u011b hledat zp\u016fsoby, jak tyto podm\u00ednky co nejv\u00edce zlep\u0161ovat.&nbsp;<\/li>\n\n\n\n<li>reagovat na aktu\u00e1ln\u00ed trend feminizace medic\u00edny, v\u010detn\u011b chirurgie. Snahou je podpo\u0159it&nbsp;a povzbudit \u017eeny v chirurgii, podporovat je v jejich rozvoji a navy\u0161ov\u00e1n\u00ed chirurgick\u00fdch dovednost\u00ed,&nbsp;pochopit jejich specifickou situaci a d\u00edky vz\u00e1jemn\u00e9mu porozum\u011bn\u00ed a spolupr\u00e1ci p\u0159eklenout \u201ed\u00edru\u201c&nbsp;v profesn\u00ed kari\u00e9\u0159e \u017eeny a minimalizovat tak ztr\u00e1ty zp\u016fsoben\u00e9 jejich dal\u0161\u00edmi rolemi.&nbsp;<\/li>\n\n\n\n<li>Chirurgie je t\u00fdmov\u00fd&nbsp;obor a formovat partnersk\u00e9 vztahy mezi mu\u017ei a \u017eenami v chirurgii povede ve v\u00fdsledku ke zlep\u0161en\u00ed&nbsp;pracovn\u00edch podm\u00ednek n\u00e1s v\u0161ech.&nbsp;<\/li>\n\n\n\n<li>Sou\u010dasn\u011b bychom cht\u011bly motivovat mlad\u00e9 chirurgyn\u011b a chirurgy v tomto tak kr\u00e1sn\u00e9m, ale n\u00e1ro\u010dn\u00e9m oboru.&nbsp;<\/li>\n<\/ul>\n\n\n\n<hr class=\"wp-block-separator has-alpha-channel-opacity is-style-wide\" style=\"margin-top:var(--wp--preset--spacing--70)\"\/>\n\n\n\n<h2 class=\"wp-block-heading\">News<\/h2>\n\n\n\n<main class=\"wp-block-group site-content min-width-content is-content-justification-center is-layout-constrained wp-container-core-group-is-layout-e70333ba wp-block-group-is-layout-constrained\" style=\"border-bottom-left-radius:0px;border-bottom-right-radius:0px;margin-top:0px;margin-bottom:0px;padding-top:3vw;padding-right:4vw;padding-bottom:3vw;padding-left:4vw\">\n<div class=\"wp-block-query is-layout-flow wp-block-query-is-layout-flow\"><ul class=\"wp-block-post-template is-layout-flow wp-block-post-template-is-layout-flow\"><li class=\"wp-block-post post-1682 post type-post status-publish format-standard hentry category-events-upcoming category-news category-webinars-upcoming\">\n\n<div class=\"wp-block-group is-layout-flow wp-block-group-is-layout-flow\" style=\"margin-bottom:4vw\">\n<div class=\"wp-block-columns is-layout-flex wp-container-core-columns-is-layout-cbe57604 wp-block-columns-is-layout-flex\">\n<div class=\"wp-block-column is-layout-flow wp-block-column-is-layout-flow\" style=\"flex-basis:50%\"><\/div>\n\n\n\n<div class=\"wp-block-column is-layout-flow wp-block-column-is-layout-flow\" style=\"flex-basis:50%\"><h2 style=\"margin-top:0.75rem;\" class=\"has-text-align-center wp-block-post-title has-x-large-font-size\"><a href=\"https:\/\/zenyvchirurgii.cz\/en\/2025\/09\/23\/webinare-pro-akademicky-rok-2025-2026\/\" target=\"_self\" >Webin\u00e1\u0159e pro akademick\u00fd rok 2025\/2026<\/a><\/h2>\n\n<\/div>\n<\/div>\n<\/div>\n\n<\/li><li class=\"wp-block-post post-1355 post type-post status-publish format-standard hentry category-news category-education\">\n\n<div class=\"wp-block-group is-layout-flow wp-block-group-is-layout-flow\" style=\"margin-bottom:4vw\">\n<div class=\"wp-block-columns is-layout-flex wp-container-core-columns-is-layout-cbe57604 wp-block-columns-is-layout-flex\">\n<div class=\"wp-block-column is-layout-flow wp-block-column-is-layout-flow\" style=\"flex-basis:50%\"><\/div>\n\n\n\n<div class=\"wp-block-column is-layout-flow wp-block-column-is-layout-flow\" style=\"flex-basis:50%\"><h2 style=\"margin-top:0.75rem;\" class=\"has-text-align-center wp-block-post-title has-x-large-font-size\"><a href=\"https:\/\/zenyvchirurgii.cz\/en\/2024\/01\/27\/pro-studenty-pro-zajemce-o-medicinu\/\" target=\"_self\" >Pro studenty, pro z\u00e1jemce o medic\u00ednu<\/a><\/h2>\n\n<\/div>\n<\/div>\n<\/div>\n\n<\/li><li class=\"wp-block-post post-1352 post type-post status-publish format-standard has-post-thumbnail hentry category-news category-events-older\">\n\n<div class=\"wp-block-group is-layout-flow wp-block-group-is-layout-flow\" style=\"margin-bottom:4vw\">\n<div class=\"wp-block-columns is-layout-flex wp-container-core-columns-is-layout-cbe57604 wp-block-columns-is-layout-flex\">\n<div class=\"wp-block-column is-layout-flow wp-block-column-is-layout-flow\" style=\"flex-basis:50%\"><figure style=\"aspect-ratio:16\/9; margin-top:0px;\" class=\"wp-block-post-featured-image\"><a href=\"https:\/\/zenyvchirurgii.cz\/en\/2024\/01\/27\/media\/\" target=\"_self\"  ><img loading=\"lazy\" decoding=\"async\" width=\"1020\" height=\"765\" src=\"https:\/\/zenyvchirurgii.cz\/wp-content\/uploads\/2024\/01\/Medialogy-1020x765.jpg\" class=\"attachment-post-thumbnail size-post-thumbnail wp-post-image\" alt=\"M\u00e9dia\" style=\"width:100%;height:100%;object-fit:cover;\" srcset=\"https:\/\/zenyvchirurgii.cz\/wp-content\/uploads\/2024\/01\/Medialogy-1020x765.jpg 1020w, https:\/\/zenyvchirurgii.cz\/wp-content\/uploads\/2024\/01\/Medialogy-300x225.jpg 300w, https:\/\/zenyvchirurgii.cz\/wp-content\/uploads\/2024\/01\/Medialogy-1024x768.jpg 1024w, https:\/\/zenyvchirurgii.cz\/wp-content\/uploads\/2024\/01\/Medialogy-768x576.jpg 768w, https:\/\/zenyvchirurgii.cz\/wp-content\/uploads\/2024\/01\/Medialogy-1536x1152.jpg 1536w, https:\/\/zenyvchirurgii.cz\/wp-content\/uploads\/2024\/01\/Medialogy-2048x1536.jpg 2048w, https:\/\/zenyvchirurgii.cz\/wp-content\/uploads\/2024\/01\/Medialogy-16x12.jpg 16w\" sizes=\"auto, (max-width: 1020px) 100vw, 1020px\" \/><\/a><\/figure><\/div>\n\n\n\n<div class=\"wp-block-column is-layout-flow wp-block-column-is-layout-flow\" style=\"flex-basis:50%\"><h2 style=\"margin-top:0.75rem;\" class=\"has-text-align-center wp-block-post-title has-x-large-font-size\"><a href=\"https:\/\/zenyvchirurgii.cz\/en\/2024\/01\/27\/media\/\" target=\"_self\" >M\u00e9dia<\/a><\/h2>\n\n<\/div>\n<\/div>\n<\/div>\n\n<\/li><li class=\"wp-block-post post-1349 post type-post status-publish format-standard hentry category-news\">\n\n<div class=\"wp-block-group is-layout-flow wp-block-group-is-layout-flow\" style=\"margin-bottom:4vw\">\n<div class=\"wp-block-columns is-layout-flex wp-container-core-columns-is-layout-cbe57604 wp-block-columns-is-layout-flex\">\n<div class=\"wp-block-column is-layout-flow wp-block-column-is-layout-flow\" style=\"flex-basis:50%\"><\/div>\n\n\n\n<div class=\"wp-block-column is-layout-flow wp-block-column-is-layout-flow\" style=\"flex-basis:50%\"><h2 style=\"margin-top:0.75rem;\" class=\"has-text-align-center wp-block-post-title has-x-large-font-size\"><a href=\"https:\/\/zenyvchirurgii.cz\/en\/2024\/01\/27\/napsali-o-nas\/\" target=\"_self\" >Napsali o n\u00e1s<\/a><\/h2>\n\n<\/div>\n<\/div>\n<\/div>\n\n<\/li><\/ul>\n\n<\/div>\n<\/main>","protected":false},"excerpt":{"rendered":"<p>\u017deny v chirurgii jsou nez\u00e1visl\u00e1, neziskov\u00e1 skupina chirurgy\u0148 a \u017een v chirurgii,&nbsp; jejich\u017e hlavn\u00edm c\u00edlem je podpora \u017een v medic\u00edn\u011b,&nbsp; [&hellip;]<\/p>\n","protected":false},"author":1,"featured_media":0,"parent":0,"menu_order":0,"comment_status":"closed","ping_status":"closed","template":"","meta":{"footnotes":""},"class_list":["post-955","page","type-page","status-publish","hentry"],"publishpress_future_action":{"enabled":false,"date":"2026-05-08 03:31:37","action":"change-status","newStatus":"draft","terms":[],"taxonomy":"","extraData":[]},"publishpress_future_workflow_manual_trigger":{"enabledWorkflows":[]},"_links":{"self":[{"href":"https:\/\/zenyvchirurgii.cz\/en\/wp-json\/wp\/v2\/pages\/955","targetHints":{"allow":["GET"]}}],"collection":[{"href":"https:\/\/zenyvchirurgii.cz\/en\/wp-json\/wp\/v2\/pages"}],"about":[{"href":"https:\/\/zenyvchirurgii.cz\/en\/wp-json\/wp\/v2\/types\/page"}],"author":[{"embeddable":true,"href":"https:\/\/zenyvchirurgii.cz\/en\/wp-json\/wp\/v2\/users\/1"}],"replies":[{"embeddable":true,"href":"https:\/\/zenyvchirurgii.cz\/en\/wp-json\/wp\/v2\/comments?post=955"}],"version-history":[{"count":46,"href":"https:\/\/zenyvchirurgii.cz\/en\/wp-json\/wp\/v2\/pages\/955\/revisions"}],"predecessor-version":[{"id":1718,"href":"https:\/\/zenyvchirurgii.cz\/en\/wp-json\/wp\/v2\/pages\/955\/revisions\/1718"}],"wp:attachment":[{"href":"https:\/\/zenyvchirurgii.cz\/en\/wp-json\/wp\/v2\/media?parent=955"}],"curies":[{"name":"wp","href":"https:\/\/api.w.org\/{rel}","templated":true}]}}