{"id":911,"date":"2022-08-22T18:05:03","date_gmt":"2022-08-22T16:05:03","guid":{"rendered":"http:\/\/185.147.46.58\/?page_id=911"},"modified":"2025-02-14T20:00:11","modified_gmt":"2025-02-14T19:00:11","slug":"novinky","status":"publish","type":"page","link":"https:\/\/zenyvchirurgii.cz\/en\/novinky\/","title":{"rendered":"News"},"content":{"rendered":"<div class=\"wp-block-query is-layout-flow wp-block-query-is-layout-flow\"><ul class=\"wp-block-post-template is-layout-flow wp-block-post-template-is-layout-flow\"><li class=\"wp-block-post post-1682 post type-post status-publish format-standard hentry category-events-upcoming category-news category-webinars-upcoming\">\n\n<div class=\"wp-block-group is-layout-flow wp-block-group-is-layout-flow\" style=\"margin-bottom:4vw\">\n<div class=\"wp-block-columns is-layout-flex wp-container-core-columns-is-layout-cbe57604 wp-block-columns-is-layout-flex\">\n<div class=\"wp-block-column is-layout-flow wp-block-column-is-layout-flow\" style=\"flex-basis:50%\"><\/div>\n\n\n\n<div class=\"wp-block-column is-layout-flow wp-block-column-is-layout-flow\" style=\"flex-basis:50%\"><h2 style=\"margin-top:0.75rem;\" class=\"has-text-align-center wp-block-post-title has-x-large-font-size\"><a href=\"https:\/\/zenyvchirurgii.cz\/en\/2025\/09\/23\/webinare-pro-akademicky-rok-2025-2026\/\" target=\"_self\" >Webin\u00e1\u0159e pro akademick\u00fd rok 2025\/2026<\/a><\/h2>\n\n<\/div>\n<\/div>\n<\/div>\n\n<\/li><li class=\"wp-block-post post-1355 post type-post status-publish format-standard hentry category-news category-education\">\n\n<div class=\"wp-block-group is-layout-flow wp-block-group-is-layout-flow\" style=\"margin-bottom:4vw\">\n<div class=\"wp-block-columns is-layout-flex wp-container-core-columns-is-layout-cbe57604 wp-block-columns-is-layout-flex\">\n<div class=\"wp-block-column is-layout-flow wp-block-column-is-layout-flow\" style=\"flex-basis:50%\"><\/div>\n\n\n\n<div class=\"wp-block-column is-layout-flow wp-block-column-is-layout-flow\" style=\"flex-basis:50%\"><h2 style=\"margin-top:0.75rem;\" class=\"has-text-align-center wp-block-post-title has-x-large-font-size\"><a href=\"https:\/\/zenyvchirurgii.cz\/en\/2024\/01\/27\/pro-studenty-pro-zajemce-o-medicinu\/\" target=\"_self\" >Pro studenty, pro z\u00e1jemce o medic\u00ednu<\/a><\/h2>\n\n<\/div>\n<\/div>\n<\/div>\n\n<\/li><li class=\"wp-block-post post-1352 post type-post status-publish format-standard has-post-thumbnail hentry category-news category-events-older\">\n\n<div class=\"wp-block-group is-layout-flow wp-block-group-is-layout-flow\" style=\"margin-bottom:4vw\">\n<div class=\"wp-block-columns is-layout-flex wp-container-core-columns-is-layout-cbe57604 wp-block-columns-is-layout-flex\">\n<div class=\"wp-block-column is-layout-flow wp-block-column-is-layout-flow\" style=\"flex-basis:50%\"><figure style=\"margin-top:0px;\" class=\"wp-block-post-featured-image\"><a href=\"https:\/\/zenyvchirurgii.cz\/en\/2024\/01\/27\/media\/\" target=\"_self\"  ><img loading=\"lazy\" decoding=\"async\" width=\"1020\" height=\"765\" src=\"https:\/\/zenyvchirurgii.cz\/wp-content\/uploads\/2024\/01\/Medialogy-1020x765.jpg\" class=\"attachment-post-thumbnail size-post-thumbnail wp-post-image\" alt=\"M\u00e9dia\" style=\"object-fit:cover;\" srcset=\"https:\/\/zenyvchirurgii.cz\/wp-content\/uploads\/2024\/01\/Medialogy-1020x765.jpg 1020w, https:\/\/zenyvchirurgii.cz\/wp-content\/uploads\/2024\/01\/Medialogy-300x225.jpg 300w, https:\/\/zenyvchirurgii.cz\/wp-content\/uploads\/2024\/01\/Medialogy-1024x768.jpg 1024w, https:\/\/zenyvchirurgii.cz\/wp-content\/uploads\/2024\/01\/Medialogy-768x576.jpg 768w, https:\/\/zenyvchirurgii.cz\/wp-content\/uploads\/2024\/01\/Medialogy-1536x1152.jpg 1536w, https:\/\/zenyvchirurgii.cz\/wp-content\/uploads\/2024\/01\/Medialogy-2048x1536.jpg 2048w, https:\/\/zenyvchirurgii.cz\/wp-content\/uploads\/2024\/01\/Medialogy-16x12.jpg 16w\" sizes=\"auto, (max-width: 1020px) 100vw, 1020px\" \/><\/a><\/figure><\/div>\n\n\n\n<div class=\"wp-block-column is-layout-flow wp-block-column-is-layout-flow\" style=\"flex-basis:50%\"><h2 style=\"margin-top:0.75rem;\" class=\"has-text-align-center wp-block-post-title has-x-large-font-size\"><a href=\"https:\/\/zenyvchirurgii.cz\/en\/2024\/01\/27\/media\/\" target=\"_self\" >M\u00e9dia<\/a><\/h2>\n\n<\/div>\n<\/div>\n<\/div>\n\n<\/li><li class=\"wp-block-post post-1349 post type-post status-publish format-standard hentry category-news\">\n\n<div class=\"wp-block-group is-layout-flow wp-block-group-is-layout-flow\" style=\"margin-bottom:4vw\">\n<div class=\"wp-block-columns is-layout-flex wp-container-core-columns-is-layout-cbe57604 wp-block-columns-is-layout-flex\">\n<div class=\"wp-block-column is-layout-flow wp-block-column-is-layout-flow\" style=\"flex-basis:50%\"><\/div>\n\n\n\n<div class=\"wp-block-column is-layout-flow wp-block-column-is-layout-flow\" style=\"flex-basis:50%\"><h2 style=\"margin-top:0.75rem;\" class=\"has-text-align-center wp-block-post-title has-x-large-font-size\"><a href=\"https:\/\/zenyvchirurgii.cz\/en\/2024\/01\/27\/napsali-o-nas\/\" target=\"_self\" >Napsali o n\u00e1s<\/a><\/h2>\n\n<\/div>\n<\/div>\n<\/div>\n\n<\/li><\/ul>\n\n<\/div>","protected":false},"excerpt":{"rendered":"","protected":false},"author":1,"featured_media":0,"parent":0,"menu_order":0,"comment_status":"closed","ping_status":"closed","template":"","meta":{"footnotes":""},"class_list":["post-911","page","type-page","status-publish","hentry"],"publishpress_future_action":{"enabled":false,"date":"2026-04-14 10:27:11","action":"change-status","newStatus":"draft","terms":[],"taxonomy":"","extraData":[]},"publishpress_future_workflow_manual_trigger":{"enabledWorkflows":[]},"_links":{"self":[{"href":"https:\/\/zenyvchirurgii.cz\/en\/wp-json\/wp\/v2\/pages\/911","targetHints":{"allow":["GET"]}}],"collection":[{"href":"https:\/\/zenyvchirurgii.cz\/en\/wp-json\/wp\/v2\/pages"}],"about":[{"href":"https:\/\/zenyvchirurgii.cz\/en\/wp-json\/wp\/v2\/types\/page"}],"author":[{"embeddable":true,"href":"https:\/\/zenyvchirurgii.cz\/en\/wp-json\/wp\/v2\/users\/1"}],"replies":[{"embeddable":true,"href":"https:\/\/zenyvchirurgii.cz\/en\/wp-json\/wp\/v2\/comments?post=911"}],"version-history":[{"count":3,"href":"https:\/\/zenyvchirurgii.cz\/en\/wp-json\/wp\/v2\/pages\/911\/revisions"}],"predecessor-version":[{"id":1533,"href":"https:\/\/zenyvchirurgii.cz\/en\/wp-json\/wp\/v2\/pages\/911\/revisions\/1533"}],"wp:attachment":[{"href":"https:\/\/zenyvchirurgii.cz\/en\/wp-json\/wp\/v2\/media?parent=911"}],"curies":[{"name":"wp","href":"https:\/\/api.w.org\/{rel}","templated":true}]}}