{"id":551,"date":"2022-08-18T12:24:03","date_gmt":"2022-08-18T10:24:03","guid":{"rendered":"http:\/\/185.147.46.58\/?page_id=551"},"modified":"2022-08-22T07:46:46","modified_gmt":"2022-08-22T05:46:46","slug":"o-nas","status":"publish","type":"page","link":"https:\/\/zenyvchirurgii.cz\/en\/o-nas\/","title":{"rendered":"About us"},"content":{"rendered":"<p class=\"has-foreground-color has-text-color\">\u017deny v chirurgii jsou nez\u00e1visl\u00e1, neziskov\u00e1 skupina chirurgy\u0148 a \u017een v chirurgii,&nbsp; jejich\u017e hlavn\u00edm c\u00edlem je podpora \u017een v medic\u00edn\u011b,&nbsp; zejm\u00e9na v chirurgii a ostatn\u00edch chirurgick\u00fdch obor\u016f, od studentek l\u00e9ka\u0159sk\u00fdch fakult a\u017e pro chirurgyn\u011b r\u016fzn\u00fdch \u00farovn\u00ed vzd\u011bl\u00e1n\u00ed.<\/p>\n\n\n\n<hr class=\"wp-block-separator has-alpha-channel-opacity\"\/>\n\n\n\n<h2 class=\"wp-block-heading\">History<\/h2>\n\n\n\n<ul class=\"has-black-color has-text-color wp-block-list\"><li>Chirurgie byla od po\u010d\u00e1tku dominantn\u00edm oborem mu\u017e\u016f. \u010cesk\u00e1 chirurgick\u00e1 spole\u010dnost (\u010cCHS) ke dni&nbsp;2.6.2021 s\u010d\u00edtala celkem 1522 registrovan\u00fdch \u010dlen\u016f, z toho mu\u017ei tvo\u0159\u00ed 80,4 % (1224) a \u017eeny 19,6 % (298).&nbsp;Nikdy v historii nem\u011bla \u010cesk\u00e1 chirurgick\u00e1 spole\u010dnost p\u011btinu \u017een a z\u00e1jem o chirurgii i nad\u00e1le nar\u016fst\u00e1 v\u00edce&nbsp;mezi \u017eenami ne\u017e mu\u017ei.&nbsp;<\/li><li>V \u010dervnu 2021 byla na v\u00fdboru \u010cesk\u00e9 chirurgick\u00e9 spole\u010dnosti p\u0159edstavena iniciativa zalo\u017een\u00ed nov\u00e9 sekce&nbsp;\u017deny v chirurgii, pod z\u00e1\u0161titou \u010cesk\u00e9 chirurgick\u00e9 spole\u010dnosti. V pr\u016fb\u011bhu srpna a\u017e listopadu 2021 byl v\u0161em \u010dlenk\u00e1m \u010cCHS adresov\u00e1n dotazn\u00edk, kter\u00fd m\u011bl mapovat z\u00e1kladn\u00ed demografick\u00e1 data a&nbsp;sou\u010dasn\u011b z\u00e1jem o vytvo\u0159en\u00ed nov\u00e9 sekce. Dotazn\u00edk prob\u00edhal ve dvou vln\u00e1ch s celkovou n\u00e1vratnost\u00ed&nbsp;60 %. Z tohoto dotazn\u00edku jasn\u011b vyplynulo n\u011bkolik z\u00e1sadn\u00edch skute\u010dnost\u00ed.&nbsp;<\/li><li>74,2 % chirurgy\u0148 jsou \u017eeny do&nbsp;40 let, z nich\u017e 75 % je st\u00e1le bez atestace,<\/li><li>45 % \u017een do 40 let nem\u00e1 d\u011bti.&nbsp;<\/li><li>V\u00edce ne\u017e polovin\u011b \u017een&nbsp;by vyhovovala, s ohledem na mate\u0159sk\u00e9 povinnosti a neexistenci z\u00e1zem\u00ed a podp\u016frn\u00fdch opat\u0159en\u00ed jako to&nbsp;je v jin\u00fdch st\u00e1tech, flexibiln\u011bj\u0161\u00ed pracovn\u00ed doba nebo zkr\u00e1cen\u00fd \u00favazek.<\/li><\/ul>\n\n\n\n<h2 class=\"wp-block-heading\">Goals<\/h2>\n\n\n\n<p class=\"has-black-color has-text-color\">Jednou z nejpal\u010div\u011bj\u0161\u00edch ot\u00e1zek dne\u0161n\u00ed doby je naj\u00edt&nbsp;work-personal-life balance, rovnov\u00e1hu mezi osobn\u00edm a pracovn\u00edm \u017eivotem. Chirurgie je specifick\u00fd&nbsp;obor, n\u00e1ro\u010dn\u00fd na \u010das, na fyzickou i ment\u00e1ln\u00ed str\u00e1nku bez ohledu na pohlav\u00ed. \u017dena \u010d\u00e1st sv\u00e9ho \u017eivota pln\u00ed&nbsp;je\u0161t\u011b roli matky a p\u0159echodn\u011b jsou jej\u00ed \u010dasov\u00e9 mo\u017enosti omezen\u00e9. N\u011bkdy podobn\u00e9 probl\u00e9my \u0159e\u0161\u00ed i&nbsp;kolegov\u00e9, nebo ti, co se vrac\u00ed do zam\u011bstn\u00e1n\u00ed po v\u00e1\u017en\u00e9 nemoci. Rigidita n\u011bkter\u00fdch syst\u00e9m\u016f a nedostatek&nbsp;pomoci zven\u010d\u00ed, a n\u011bkdy i jen nedostatek pochopen\u00ed konkr\u00e9tn\u00ed situace, to neuleh\u010duj\u00ed.&nbsp;<\/p>\n\n\n\n<p class=\"has-medium-font-size\">Our goals are:&nbsp;<\/p>\n\n\n\n<ul class=\"has-black-color has-text-color wp-block-list\"><li>aktivn\u011b hledat zp\u016fsoby, jak tyto podm\u00ednky co nejv\u00edce zlep\u0161ovat.&nbsp;<\/li><li>reagovat na aktu\u00e1ln\u00ed trend feminizace medic\u00edny, v\u010detn\u011b chirurgie. Snahou je podpo\u0159it&nbsp;a povzbudit \u017eeny v chirurgii, podporovat je v jejich rozvoji a navy\u0161ov\u00e1n\u00ed chirurgick\u00fdch dovednost\u00ed,&nbsp;pochopit jejich specifickou situaci a d\u00edky vz\u00e1jemn\u00e9mu porozum\u011bn\u00ed a spolupr\u00e1ci p\u0159eklenout \u201ed\u00edru\u201c&nbsp;v profesn\u00ed kari\u00e9\u0159e \u017eeny a minimalizovat tak ztr\u00e1ty zp\u016fsoben\u00e9 jejich dal\u0161\u00edmi rolemi.&nbsp;<\/li><li>Chirurgie je t\u00fdmov\u00fd&nbsp;obor a formovat partnersk\u00e9 vztahy mezi mu\u017ei a \u017eenami v chirurgii povede ve v\u00fdsledku ke zlep\u0161en\u00ed&nbsp;pracovn\u00edch podm\u00ednek n\u00e1s v\u0161ech.&nbsp;<\/li><li>Sou\u010dasn\u011b bychom cht\u011bly motivovat mlad\u00e9 chirurgyn\u011b a chirurgy v tomto tak kr\u00e1sn\u00e9m, ale n\u00e1ro\u010dn\u00e9m oboru.&nbsp;<\/li><\/ul>\n\n\n\n<hr class=\"wp-block-separator has-alpha-channel-opacity\"\/>","protected":false},"excerpt":{"rendered":"<p>\u017deny v chirurgii jsou nez\u00e1visl\u00e1, neziskov\u00e1 skupina chirurgy\u0148 a \u017een v chirurgii,&nbsp; jejich\u017e hlavn\u00edm c\u00edlem je podpora \u017een v medic\u00edn\u011b,&nbsp; [&hellip;]<\/p>\n","protected":false},"author":1,"featured_media":0,"parent":0,"menu_order":0,"comment_status":"closed","ping_status":"closed","template":"","meta":{"footnotes":""},"class_list":["post-551","page","type-page","status-publish","hentry"],"publishpress_future_action":{"enabled":false,"date":"2026-04-25 07:05:08","action":"change-status","newStatus":"draft","terms":[],"taxonomy":"","extraData":[]},"publishpress_future_workflow_manual_trigger":{"enabledWorkflows":[]},"_links":{"self":[{"href":"https:\/\/zenyvchirurgii.cz\/en\/wp-json\/wp\/v2\/pages\/551","targetHints":{"allow":["GET"]}}],"collection":[{"href":"https:\/\/zenyvchirurgii.cz\/en\/wp-json\/wp\/v2\/pages"}],"about":[{"href":"https:\/\/zenyvchirurgii.cz\/en\/wp-json\/wp\/v2\/types\/page"}],"author":[{"embeddable":true,"href":"https:\/\/zenyvchirurgii.cz\/en\/wp-json\/wp\/v2\/users\/1"}],"replies":[{"embeddable":true,"href":"https:\/\/zenyvchirurgii.cz\/en\/wp-json\/wp\/v2\/comments?post=551"}],"version-history":[{"count":9,"href":"https:\/\/zenyvchirurgii.cz\/en\/wp-json\/wp\/v2\/pages\/551\/revisions"}],"predecessor-version":[{"id":902,"href":"https:\/\/zenyvchirurgii.cz\/en\/wp-json\/wp\/v2\/pages\/551\/revisions\/902"}],"wp:attachment":[{"href":"https:\/\/zenyvchirurgii.cz\/en\/wp-json\/wp\/v2\/media?parent=551"}],"curies":[{"name":"wp","href":"https:\/\/api.w.org\/{rel}","templated":true}]}}