{"id":479,"date":"2022-08-18T12:13:39","date_gmt":"2022-08-18T10:13:39","guid":{"rendered":"http:\/\/185.147.46.58\/?page_id=479"},"modified":"2025-03-08T07:34:47","modified_gmt":"2025-03-08T06:34:47","slug":"kontakty","status":"publish","type":"page","link":"https:\/\/zenyvchirurgii.cz\/en\/kontakty\/","title":{"rendered":"Contact"},"content":{"rendered":"<div class=\"wp-block-group is-layout-constrained wp-block-group-is-layout-constrained\">\n<div class=\"wp-block-group is-layout-constrained wp-block-group-is-layout-constrained\">\n<p class=\"has-medium-font-size\">Email: <a href=\"mailto:zenyvchirurgii@gmail.com\">zenyvchirurgii@gmail.com<\/a><\/p>\n\n\n\n<hr class=\"wp-block-separator has-alpha-channel-opacity\"\/>\n\n\n\n<p class=\"has-medium-font-size\">V\u00fdbor \u017deny v chirurgii:<\/p>\n\n\n\n<p><strong>MUDr. Monika \u0160vorcov\u00e1, MBA<\/strong> \u2013 p\u0159edsedkyn\u011b email:\u00a0<a href=\"mailto:monika.svorcova@fnmotol.cz\" target=\"_blank\" rel=\"noreferrer noopener\">monika.svorcova@fnmotol.cz<\/a><\/p>\n\n\n\n<p><strong>doc. MUDr. Barbora East, Ph.D.,\u00a0FEBS<\/strong> \u2013 m\u00edstop\u0159edsedkyn\u011b<\/p>\n\n\n\n<p><strong>MUDr. Barbora J\u00ed\u0161ov\u00e1<\/strong> \u2013 pokladn\u00edk<\/p>\n\n\n\n<p><strong>MUDr. Dana Sochorov\u00e1<\/strong> \u2013 \u010dlenka<br><strong>MUDr. Zuzana Musilov\u00e1<\/strong> \u2013 \u010dlenka<\/p>\n<\/div>\n<\/div>\n\n\n\n<p><\/p>","protected":false},"excerpt":{"rendered":"<p>Email: zenyvchirurgii@gmail.com V\u00fdbor \u017deny v chirurgii: MUDr. Monika \u0160vorcov\u00e1, MBA \u2013 p\u0159edsedkyn\u011b email:\u00a0monika.svorcova@fnmotol.cz doc. MUDr. Barbora East, Ph.D.,\u00a0FEBS \u2013 m\u00edstop\u0159edsedkyn\u011b [&hellip;]<\/p>\n","protected":false},"author":1,"featured_media":0,"parent":0,"menu_order":0,"comment_status":"closed","ping_status":"closed","template":"","meta":{"footnotes":""},"class_list":["post-479","page","type-page","status-publish","hentry"],"publishpress_future_action":{"enabled":false,"date":"2026-05-07 15:57:33","action":"change-status","newStatus":"draft","terms":[],"taxonomy":"","extraData":[]},"publishpress_future_workflow_manual_trigger":{"enabledWorkflows":[]},"_links":{"self":[{"href":"https:\/\/zenyvchirurgii.cz\/en\/wp-json\/wp\/v2\/pages\/479","targetHints":{"allow":["GET"]}}],"collection":[{"href":"https:\/\/zenyvchirurgii.cz\/en\/wp-json\/wp\/v2\/pages"}],"about":[{"href":"https:\/\/zenyvchirurgii.cz\/en\/wp-json\/wp\/v2\/types\/page"}],"author":[{"embeddable":true,"href":"https:\/\/zenyvchirurgii.cz\/en\/wp-json\/wp\/v2\/users\/1"}],"replies":[{"embeddable":true,"href":"https:\/\/zenyvchirurgii.cz\/en\/wp-json\/wp\/v2\/comments?post=479"}],"version-history":[{"count":9,"href":"https:\/\/zenyvchirurgii.cz\/en\/wp-json\/wp\/v2\/pages\/479\/revisions"}],"predecessor-version":[{"id":1553,"href":"https:\/\/zenyvchirurgii.cz\/en\/wp-json\/wp\/v2\/pages\/479\/revisions\/1553"}],"wp:attachment":[{"href":"https:\/\/zenyvchirurgii.cz\/en\/wp-json\/wp\/v2\/media?parent=479"}],"curies":[{"name":"wp","href":"https:\/\/api.w.org\/{rel}","templated":true}]}}