{"id":477,"date":"2022-08-18T12:13:30","date_gmt":"2022-08-18T10:13:30","guid":{"rendered":"http:\/\/185.147.46.58\/?page_id=477"},"modified":"2025-03-08T07:38:09","modified_gmt":"2025-03-08T06:38:09","slug":"odkazy","status":"publish","type":"page","link":"https:\/\/zenyvchirurgii.cz\/en\/odkazy\/","title":{"rendered":"References"},"content":{"rendered":"<p><strong>YouTube kan\u00e1l &#8211; \u017deny v chirurgii<\/strong><\/p>\n\n\n\n<p><a href=\"https:\/\/www.youtube.com\/@CzechWINS\">https:\/\/www.youtube.com\/@CzechWINS<\/a><\/p>\n\n\n\n<div style=\"height:2em\" aria-hidden=\"true\" class=\"wp-block-spacer\"><\/div>\n\n\n\n<div class=\"wp-block-columns is-layout-flex wp-container-core-columns-is-layout-28f84493 wp-block-columns-is-layout-flex\">\n<div class=\"wp-block-column is-layout-flow wp-block-column-is-layout-flow\">\n<p><strong>Czech companies<\/strong><\/p>\n\n\n\n<p><a href=\"https:\/\/www.chirurgie.cz\/\">https:\/\/www.chirurgie.cz\/<\/a><\/p>\n\n\n\n<p><a href=\"https:\/\/www.lkcr.cz\/\">https:\/\/www.lkcr.cz\/<\/a><\/p>\n\n\n\n<p><a href=\"https:\/\/www.cls.cz\/\">https:\/\/www.cls.cz\/<\/a><\/p>\n\n\n\n<div style=\"height:1em\" aria-hidden=\"true\" class=\"wp-block-spacer\"><\/div>\n\n\n\n<p><strong>Interesting courses and videos<\/strong><\/p>\n\n\n\n<p>Hernia base camp <a rel=\"noreferrer noopener\" href=\"https:\/\/websurg.com\/tw\/basecamp\/hernia\" target=\"_blank\">https:\/\/websurg.com\/tw\/basecamp\/hernia<\/a>&nbsp;<\/p>\n\n\n\n<p>AIS channel <a rel=\"noreferrer noopener\" href=\"https:\/\/aischannel.com\/\" target=\"_blank\">https:\/\/aischannel.com\/<\/a><\/p>\n<\/div>\n\n\n\n<div class=\"wp-block-column is-layout-flow wp-block-column-is-layout-flow\">\n<p class=\"has-medium-font-size\"><strong>Foreign associations<\/strong><\/p>\n\n\n\n<p><a href=\"https:\/\/chirurginnen.com\/\">https:\/\/www.rcseng.ac.uk\/<\/a><\/p>\n\n\n\n<p><a href=\"https:\/\/chirurginnen.com\/\">https:\/\/chirurginnen.com\/<\/a><\/p>\n\n\n\n<p><a href=\"https:\/\/www.womensurgeons.org\/\">https:\/\/www.womensurgeons.org\/<\/a><\/p>\n\n\n\n<p><a href=\"https:\/\/wtsnet.org\/\">https:\/\/wtsnet.org\/<\/a><\/p>\n\n\n\n<div style=\"height:1em\" aria-hidden=\"true\" class=\"wp-block-spacer\"><\/div>\n\n\n\n<p class=\"has-medium-font-size\"><strong>Ostatn\u00ed<\/strong><\/p>\n\n\n\n<p><a href=\"https:\/\/genderaveda.cz\/\">https:\/\/genderaveda.cz\/<\/a><\/p>\n\n\n\n<p><a href=\"https:\/\/www.europarl.europa.eu\/portal\/cs\/search?planet=_all&amp;searchQuery=rovnost+%C5%BEen\">https:\/\/www.europarl.europa.eu<\/a><\/p>\n<\/div>\n<\/div>","protected":false},"excerpt":{"rendered":"<p>YouTube kan\u00e1l &#8211; \u017deny v chirurgii https:\/\/www.youtube.com\/@CzechWINS \u010cesk\u00e9 spole\u010dnosti https:\/\/www.chirurgie.cz\/ https:\/\/www.lkcr.cz\/ https:\/\/www.cls.cz\/ Zaj\u00edmav\u00e9 kurzy a videa Hernia base camp https:\/\/websurg.com\/tw\/basecamp\/hernia&nbsp; [&hellip;]<\/p>\n","protected":false},"author":1,"featured_media":0,"parent":0,"menu_order":0,"comment_status":"closed","ping_status":"closed","template":"","meta":{"footnotes":""},"class_list":["post-477","page","type-page","status-publish","hentry"],"publishpress_future_action":{"enabled":false,"date":"2026-04-28 10:26:27","action":"change-status","newStatus":"draft","terms":[],"taxonomy":"","extraData":[]},"publishpress_future_workflow_manual_trigger":{"enabledWorkflows":[]},"_links":{"self":[{"href":"https:\/\/zenyvchirurgii.cz\/en\/wp-json\/wp\/v2\/pages\/477","targetHints":{"allow":["GET"]}}],"collection":[{"href":"https:\/\/zenyvchirurgii.cz\/en\/wp-json\/wp\/v2\/pages"}],"about":[{"href":"https:\/\/zenyvchirurgii.cz\/en\/wp-json\/wp\/v2\/types\/page"}],"author":[{"embeddable":true,"href":"https:\/\/zenyvchirurgii.cz\/en\/wp-json\/wp\/v2\/users\/1"}],"replies":[{"embeddable":true,"href":"https:\/\/zenyvchirurgii.cz\/en\/wp-json\/wp\/v2\/comments?post=477"}],"version-history":[{"count":15,"href":"https:\/\/zenyvchirurgii.cz\/en\/wp-json\/wp\/v2\/pages\/477\/revisions"}],"predecessor-version":[{"id":1561,"href":"https:\/\/zenyvchirurgii.cz\/en\/wp-json\/wp\/v2\/pages\/477\/revisions\/1561"}],"wp:attachment":[{"href":"https:\/\/zenyvchirurgii.cz\/en\/wp-json\/wp\/v2\/media?parent=477"}],"curies":[{"name":"wp","href":"https:\/\/api.w.org\/{rel}","templated":true}]}}