{"id":1027,"date":"2023-05-01T07:57:25","date_gmt":"2023-05-01T05:57:25","guid":{"rendered":"http:\/\/185.147.46.58\/?page_id=1027"},"modified":"2025-03-08T07:38:52","modified_gmt":"2025-03-08T06:38:52","slug":"clenstvi","status":"publish","type":"page","link":"https:\/\/zenyvchirurgii.cz\/en\/clenstvi\/","title":{"rendered":"Membership"},"content":{"rendered":"<p class=\"has-text-align-left\">Pro vz\u00e1jemn\u00e9 sd\u00edlen\u00ed p\u0159\u00edsp\u011bvk\u016f, pro vytv\u00e1\u0159en\u00ed nov\u00fdch kontakt\u016f, pro sd\u00edlen\u00ed dojm\u016f, ale i nov\u00fdch odborn\u00fdch projekt\u016f, \u010dl\u00e1nk\u016f, novinek, technologi\u00ed, r\u016fzn\u00fdch p\u0159edn\u00e1\u0161ek, kongres\u016f, pozv\u00e1nek apod. se m\u016f\u017eete<strong> registrovat do sekce \u017deny v chirurgii,&nbsp;kter\u00e9 je pod z\u00e1\u0161titou \u010cesk\u00e9 chirurgick\u00e9 spole\u010dnosti (\u010cCHS), p\u0159ihl\u00e1\u0161en\u00ed je bezplatn\u00e9 pro v\u0161echny \u010dlenky \u010cCHS<\/strong> a samotn\u00e9 p\u0159ihl\u00e1\u0161en\u00ed V\u00e1m nezabere v\u00edce ne\u017e 1 minutu.<br>Pro ostatn\u00ed z\u00e1jemkyn\u011b, kter\u00e9 dosud nejsou zaregistrov\u00e1ny v \u010cesk\u00e9 chirurgick\u00e9 spole\u010dnosti, je nutn\u00e9 nejprve za\u017e\u00e1dat o \u010dlenstv\u00ed do \u010cCHS (co\u017e je samoz\u0159ejm\u011b trochu del\u0161\u00ed proces) a n\u00e1sledn\u011b se je\u0161t\u011b p\u0159ihl\u00e1sit do t\u00e9to sekce.&nbsp;<\/p>\n\n\n\n<p class=\"has-text-align-left\">C\u00edlem t\u00e9to skupiny je nad\u00e1le propojit kontakty mezi sebou, roz\u0161\u00ed\u0159it pov\u011bdom\u00ed o \u017een\u00e1ch v chirurgii mezi ostatn\u00ed kolegyn\u011b a obory, v\u010detn\u011b student\u016f a studentek l\u00e9ka\u0159sk\u00fdch fakult, spolupod\u00edlet se na \u0159e\u0161en\u00ed \u00faskal\u00ed, kter\u00e9 chirurgie pro \u017eeny v chirurgii p\u0159in\u00e1\u0161\u00ed. Vz\u00e1jemn\u011b se motivovat, spolupracovat na spole\u010dn\u00fdch projektech a navy\u0161ovat postupn\u011b odborn\u00fd kredit \u017een v chirurgii (kter\u00fd v \u010desk\u00fdch zem\u00edch st\u00e1le chyb\u00ed), a kter\u00e9 budou \u0161kolitelkami, mentory ve veden\u00ed dal\u0161\u00edch lid\u00ed. p\u0159esunout na hlavn\u00ed stranu k c\u00edl\u016fm.<\/p>\n\n\n\n<p>\u010clenky t\u00e9to sekce se budou moci pod\u00edlet na volb\u00e1ch do v\u00fdboru t\u00e9to sekce a p\u0159\u00edpadn\u011b se st\u00e1t sou\u010d\u00e1st\u00ed organiza\u010dn\u00edho v\u00fdboru.<br>P\u0159ihl\u00e1\u0161en\u00ed do sekc\u00ed \u010cCHS, stejn\u011b jako do \u010cCHS je mo\u017en\u00e9 pouze prost\u0159ednictv\u00edm on-line port\u00e1lu \u010cLS JEP:&nbsp;<a href=\"https:\/\/databaze.cls.cz\/prihlaseni-clena\" target=\"_blank\" rel=\"noreferrer noopener\">https:\/\/databaze.cls.cz\/prihlaseni-clena<\/a>.&nbsp;<br>Ve\u0161ker\u00e9 instrukce v\u010detn\u011b manu\u00e1lu jsou vyv\u011b\u0161eny na webu \u010cCHS:&nbsp;<a href=\"https:\/\/www.chirurgie.cz\/clenska-databaze-cls-jep-on-line-pristup\/\" target=\"_blank\" rel=\"noreferrer noopener\">https:\/\/www.chirurgie.cz\/clenska-databaze-cls-jep-on-line-pristup\/<\/a>.<\/p>","protected":false},"excerpt":{"rendered":"<p>Pro vz\u00e1jemn\u00e9 sd\u00edlen\u00ed p\u0159\u00edsp\u011bvk\u016f, pro vytv\u00e1\u0159en\u00ed nov\u00fdch kontakt\u016f, pro sd\u00edlen\u00ed dojm\u016f, ale i nov\u00fdch odborn\u00fdch projekt\u016f, \u010dl\u00e1nk\u016f, novinek, technologi\u00ed, r\u016fzn\u00fdch [&hellip;]<\/p>\n","protected":false},"author":1,"featured_media":0,"parent":0,"menu_order":0,"comment_status":"closed","ping_status":"closed","template":"","meta":{"footnotes":""},"class_list":["post-1027","page","type-page","status-publish","hentry"],"publishpress_future_action":{"enabled":false,"date":"2026-05-05 13:21:15","action":"change-status","newStatus":"draft","terms":[],"taxonomy":"","extraData":[]},"publishpress_future_workflow_manual_trigger":{"enabledWorkflows":[]},"_links":{"self":[{"href":"https:\/\/zenyvchirurgii.cz\/en\/wp-json\/wp\/v2\/pages\/1027","targetHints":{"allow":["GET"]}}],"collection":[{"href":"https:\/\/zenyvchirurgii.cz\/en\/wp-json\/wp\/v2\/pages"}],"about":[{"href":"https:\/\/zenyvchirurgii.cz\/en\/wp-json\/wp\/v2\/types\/page"}],"author":[{"embeddable":true,"href":"https:\/\/zenyvchirurgii.cz\/en\/wp-json\/wp\/v2\/users\/1"}],"replies":[{"embeddable":true,"href":"https:\/\/zenyvchirurgii.cz\/en\/wp-json\/wp\/v2\/comments?post=1027"}],"version-history":[{"count":4,"href":"https:\/\/zenyvchirurgii.cz\/en\/wp-json\/wp\/v2\/pages\/1027\/revisions"}],"predecessor-version":[{"id":1564,"href":"https:\/\/zenyvchirurgii.cz\/en\/wp-json\/wp\/v2\/pages\/1027\/revisions\/1564"}],"wp:attachment":[{"href":"https:\/\/zenyvchirurgii.cz\/en\/wp-json\/wp\/v2\/media?parent=1027"}],"curies":[{"name":"wp","href":"https:\/\/api.w.org\/{rel}","templated":true}]}}